{"id":2,"date":"2023-07-03T19:31:50","date_gmt":"2023-07-03T17:31:50","guid":{"rendered":"http:\/\/idea.org.pl\/?page_id=2"},"modified":"2025-04-30T08:26:21","modified_gmt":"2025-04-30T06:26:21","slug":"przykladowa-strona","status":"publish","type":"page","link":"https:\/\/idea.org.pl\/?page_id=2","title":{"rendered":"IDEA"},"content":{"rendered":"\n<p><strong>Cz\u0142owiek od zawsze pod\u0105\u017ca za IDE\u0104.<\/strong><\/p>\n\n\n\n<p><strong>&#8220;IDEA&#8221; grupa nieformalna to odpowied\u017a na wsp\u00f3\u0142czesne problemy spo\u0142ecze\u0144stw zagubionych w \u015bwiecie gdzie informacja przestaje by\u0107 \u017ar\u00f3d\u0142em, a staje si\u0119 dylematem. Codziennie w mediach pojawiaj\u0105 si\u0119 setki informacji praktycznie na ka\u017cdy mo\u017cliwy temat, a w tzw. fabrykach trolli fabrykowane s\u0105 fake newsy. Tym samym pojawia si\u0119 dezinformacja, zagubienie, a w konsekwencji dylematy w wyborze co jest prawd\u0105, a co ni\u0105 nie jest. Jeste\u015bmy lud\u017ami o szerokich horyzontach my\u015blowych. Do wszystkiego podchodzimy z du\u017c\u0105 precyzj\u0105 i wysok\u0105 dba\u0142o\u015bci\u0105. <\/strong><\/p>\n\n\n\n<p><strong>Celem Stowarzyszenia jest zmienianie ludzi, aby razem my\u015ble\u0107 nad popraw\u0105 kondycji spo\u0142ecze\u0144stwa od lokalnych po globalne struktury. Cz\u0142owiek pod\u0105\u017ca za my\u015bl\u0105, ale nie zawsze zachowuje odpowiedni krytycyzm do sprawy. Pragniemy wsp\u00f3lnie ulepsza\u0107 rzeczywisto\u015b\u0107, aby ka\u017cdy czu\u0142 si\u0119 istotn\u0105 cz\u0119\u015bci\u0105 naszej spo\u0142eczno\u015bci. Potrafimy wsp\u00f3lnie wychodzi\u0107 naprzeciw wa\u017cnym i istotnym sprawom, kt\u00f3re nas bezpo\u015brednio dotycz\u0105. Ma to pom\u00f3c zwi\u0105za\u0107 w jedn\u0105 ca\u0142o\u015b\u0107 to, co lu\u017ano zrodzi si\u0119 w naszych g\u0142owach. Nasza przesz\u0142o\u015b\u0107 ma nas uczy\u0107, a nie obci\u0105\u017ca\u0107. Chcemy Wam pomaga\u0107 w r\u00f3\u017cnych realizacjach. Jednocze\u015bnie zauwa\u017camy niepokoj\u0105cy wzrost populizmu i ch\u0119ci pod\u0105\u017cania za prostymi rozwi\u0105zaniami. By\u0107 mo\u017ce wynika to w\u0142a\u015bnie z dezinformacji i wzrostu uprzedze\u0144. <\/strong><\/p>\n\n\n\n<p><strong>Polska jako kraj po\u0142o\u017cony w centralnej Europie powinna zdawa\u0107 sobie spraw\u0119 z tego, \u017ce konieczna jest natychmiastowa poprawa wizerunku naszego kraju na arenie mi\u0119dzynarodowej poprzez umiej\u0119tne prowadzenie polityki zagranicznej. B\u0119dziemy stara\u0107 si\u0119 wp\u0142ywa\u0107 na rzeczywisto\u015b\u0107 poprzez ingerencj\u0119 w sprawy spo\u0142eczno-polityczne zar\u00f3wno na szczeblu lokalnym, jak i globalnym. G\u0142\u00f3wnymi celami Stowarzyszenia s\u0105 zar\u00f3wno poprawa istniej\u0105cych b\u0142\u0119d\u00f3w w systemie, jak i profilaktyka, by w przysz\u0142o\u015bci unikn\u0105\u0107 podobnych sytuacji. Nie jest to jednak odrealniony byt maj\u0105cy na celu uprawianie demagogii, ale realnie dzia\u0142aj\u0105cy ludzie z pasj\u0105 i otwart\u0105 g\u0142ow\u0105. Chcemy si\u0119 z Wami spotyka\u0107 podczas organizowanych przez nas r\u00f3\u017cnych projekt\u00f3w wydarze\u0144, paneli eksperckich, ale tak\u017ce na gruncie lokalnym podczas Waszych codziennych zaj\u0119\u0107. Wsp\u00f3lnota jest naszym drugim kluczowym wyzwaniem. Poniewa\u017c bez lokalnych wsp\u00f3lnot nie b\u0119dzie silnego pa\u0144stwa, a to jest g\u0142\u00f3wnym wyznacznikiem nowoczesnego spo\u0142ecze\u0144stwa. Mamy wiele do nadrobienia jako spo\u0142eczno\u015b\u0107, ale te\u017c daje to mo\u017cliwo\u015b\u0107 ukszta\u0142towania naszego spo\u0142ecze\u0144stwa wed\u0142ug naszej idei i wed\u0142ug naszych oczekiwa\u0144. B\u0119dziemy przeciwdzia\u0142a\u0107 kryzysowi my\u015blenia krytycznego, a przecie\u017c to ono potrafi posun\u0105\u0107 spo\u0142ecze\u0144stwo do przodu. <\/strong><\/p>\n\n\n\n<p><strong>Krytyka to pu\u0142apka, ale my\u015blenie krytyczne to pocz\u0105tek nowych idei. <\/strong><\/p>\n\n\n\n<p><strong>Chcemy kszta\u0142towa\u0107 rzeczywisto\u015b\u0107 w nast\u0119puj\u0105cych obszarach: <\/strong><\/p>\n\n\n\n<p><strong>1. Na kszta\u0142t obecnych medi\u00f3w, kt\u00f3re maj\u0105 najsilniejsz\u0105 pozycj\u0119 w obecnym \u015bwiecie, poniewa\u017c oddzia\u0142uj\u0105 na ka\u017cdy mo\u017cliwy aspekt naszego \u017cycia. Nasze dzia\u0142anie b\u0119dzie rodzajem pomostu pomi\u0119dzy spo\u0142eczno\u015bci\u0105 a mediami. <\/strong><\/p>\n\n\n\n<p><strong>2. Polityki poprzez rozpoczynanie debat publicznych i zach\u0119canie do w\u0142\u0105czania si\u0119 w aktywne lokalne inicjatywy. Naszymi silnymi stronami s\u0105: niezale\u017cno\u015b\u0107, krytyczne my\u015blenie, poszukiwanie innowacyjnych rozwi\u0105za\u0144, idee, pragmatyzm i wsp\u00f3lne dzia\u0142anie.<\/strong><\/p>\n\n\n\n<div id=\"simple-ajax-chat\">\t\t\n\t\t<div id=\"sac-output\" class=\"sac-reg-req\">\n\t\t\t<p>\n\t\t\t\tYou must be a registered user to participate in this chat.\t\t\t<\/p>\n\t\t\t<!--p>Please <a href=\"\">Log in<\/a> to chat.<\/p-->\n\t\t<\/div>\n\t\t\n\t\t<\/div><style type=\"text\/css\">div#simple-ajax-chat{width:100%;overflow:hidden;margin:0 0 20px 0;}\r\ndiv#sac-content{display:none;}\r\ndiv#sac-output{float:left;width:58%;height:350px;overflow:auto;border:1px solid #d1d1d1;}\r\ndiv#sac-output.sac-reg-req{float:none;width:100%;height:auto;border:0;}\r\ndiv#sac-latest-message{padding:5px 10px;font-size:14px;background-color:#d1d1d1;text-shadow:1px 1px 1px rgba(255,255,255,0.5);}\r\nul#sac-messages{margin:10px 0;padding:0;font-size:14px;line-height:20px;}\r\nul#sac-messages li{margin:0;padding:4px 10px;}\r\nul#sac-messages li span{font-weight:bold;}\r\ndiv#sac-panel{float:right;width:38%;}\r\nform#sac-form fieldset{margin:0 0 5px 0;padding:0;border:0;}\r\nform#sac-form fieldset label,form#sac-form fieldset input,form#sac-form fieldset textarea{float:left;clear:both;width:94%;margin:0 0 2px 0;font-size:14px;}\r\nform#sac-form fieldset textarea{height:133px;}\r\n.tooltip{border:0;text-shadow:none;}<\/style>\n","protected":false},"excerpt":{"rendered":"<p>Cz\u0142owiek od zawsze pod\u0105\u017ca za IDE\u0104. &#8220;IDEA&#8221; grupa nieformalna to odpowied\u017a na wsp\u00f3\u0142czesne problemy spo\u0142ecze\u0144stw zagubionych w \u015bwiecie gdzie informacja przestaje by\u0107 \u017ar\u00f3d\u0142em, a staje [&hellip;]<\/p>\n","protected":false},"author":1,"featured_media":0,"parent":0,"menu_order":0,"comment_status":"closed","ping_status":"open","template":"","meta":{"footnotes":""},"class_list":["post-2","page","type-page","status-publish","hentry"],"_links":{"self":[{"href":"https:\/\/idea.org.pl\/index.php?rest_route=\/wp\/v2\/pages\/2","targetHints":{"allow":["GET"]}}],"collection":[{"href":"https:\/\/idea.org.pl\/index.php?rest_route=\/wp\/v2\/pages"}],"about":[{"href":"https:\/\/idea.org.pl\/index.php?rest_route=\/wp\/v2\/types\/page"}],"author":[{"embeddable":true,"href":"https:\/\/idea.org.pl\/index.php?rest_route=\/wp\/v2\/users\/1"}],"replies":[{"embeddable":true,"href":"https:\/\/idea.org.pl\/index.php?rest_route=%2Fwp%2Fv2%2Fcomments&post=2"}],"version-history":[{"count":7,"href":"https:\/\/idea.org.pl\/index.php?rest_route=\/wp\/v2\/pages\/2\/revisions"}],"predecessor-version":[{"id":294,"href":"https:\/\/idea.org.pl\/index.php?rest_route=\/wp\/v2\/pages\/2\/revisions\/294"}],"wp:attachment":[{"href":"https:\/\/idea.org.pl\/index.php?rest_route=%2Fwp%2Fv2%2Fmedia&parent=2"}],"curies":[{"name":"wp","href":"https:\/\/api.w.org\/{rel}","templated":true}]}}