{"id":182,"date":"2023-07-06T21:32:13","date_gmt":"2023-07-06T19:32:13","guid":{"rendered":"https:\/\/idea.org.pl\/?page_id=182"},"modified":"2025-04-28T10:42:39","modified_gmt":"2025-04-28T08:42:39","slug":"sprawdz-sie","status":"publish","type":"page","link":"https:\/\/idea.org.pl\/?page_id=182","title":{"rendered":"SPRAWD\u0179 SI\u0118"},"content":{"rendered":"\n<p><strong>Czy jeste\u015b idealist\u0105 lub idealistk\u0105? 15 cech, kt\u00f3re to definiuj\u0105.<\/strong><\/p>\n\n\n\n<ul class=\"wp-block-list\">\n<li><strong>Przysz\u0142o\u015b\u0107 jest zawsze jasna. Twoje spojrzenie na przysz\u0142o\u015b\u0107 jest zawsze optymistyczne.<\/strong><\/li>\n\n\n\n<li><strong>\u015awiat mo\u017ce i stanie si\u0119 dla Ciebie lepszym miejscem.<\/strong><\/li>\n\n\n\n<li><strong>Wiesz, \u017ce b\u0119dziesz m\u00f3g\u0142 \u017cy\u0107 w pokoju i harmonii.<\/strong><\/li>\n\n\n\n<li><strong>Prawda liczy si\u0119 ponad wszystko. Ideali\u015bci szukaj\u0105 rozm\u00f3w i obserwacji, kt\u00f3re zawieraj\u0105 g\u0142\u0119bsze uniwersalne prawdy.<\/strong><\/li>\n\n\n\n<li><strong>Lubisz u\u017cywa\u0107 metafory, aby wyrazi\u0107 swoje wnikliwe spostrze\u017cenia.<\/strong><\/li>\n\n\n\n<li><strong>Zwracasz uwag\u0119 na szerszy obraz.<\/strong><\/li>\n\n\n\n<li><strong>Zwracasz uwag\u0119 na potrzeby \u017cycia codziennego, poniewa\u017c wiesz, \u017ce jest to wa\u017cne, ale og\u00f3lny obraz zawsze b\u0119dzie dla Ciebie bardziej fascynuj\u0105cy.<\/strong><\/li>\n\n\n\n<li><strong>B\u0119dziesz chcia\u0142 rozwin\u0105\u0107 sw\u00f3j pe\u0142ny potencja\u0142, a tak\u017ce ludzi, kt\u00f3rzy s\u0105 ci bliscy.<\/strong><\/li>\n\n\n\n<li><strong>Dla Ciebie zasady s\u0105 wskaz\u00f3wkami.<\/strong><\/li>\n\n\n\n<li><strong>Pomimo tego, \u017ce nie ignorujesz zasad, postrzegasz je jako zwyk\u0142e wskaz\u00f3wki dotycz\u0105ce \u017cycia i nie boisz si\u0119 nagina\u0107 i \u0142ama\u0107 zasad, gdy my\u015blisz, \u017ce sytuacja tego wymaga.<\/strong><\/li>\n\n\n\n<li><strong>Szukasz tego, co najlepsze w innych.<\/strong><\/li>\n\n\n\n<li><strong>Jeste\u015b w stanie dostrzec cz\u0142owiecze\u0144stwo w ka\u017cdym, jeste\u015b w stanie bezwarunkowo kocha\u0107 innych.<\/strong><\/li>\n\n\n\n<li><strong>Jeste\u015b tolerancyjny, akceptujesz innych i masz otwarty umys\u0142.<\/strong><\/li>\n\n\n\n<li><strong>Pracujesz nad sob\u0105. Postrzegasz siebie jako osob\u0119, kt\u00f3r\u0105 chcesz si\u0119 sta\u0107. Reszta to po prostu efekt Twojej bie\u017c\u0105cej pracy.<\/strong><\/li>\n<\/ul>\n","protected":false},"excerpt":{"rendered":"<p>Czy jeste\u015b idealist\u0105 lub idealistk\u0105? 15 cech, kt\u00f3re to definiuj\u0105.<\/p>\n","protected":false},"author":1,"featured_media":0,"parent":0,"menu_order":0,"comment_status":"closed","ping_status":"closed","template":"","meta":{"footnotes":""},"class_list":["post-182","page","type-page","status-publish","hentry"],"_links":{"self":[{"href":"https:\/\/idea.org.pl\/index.php?rest_route=\/wp\/v2\/pages\/182","targetHints":{"allow":["GET"]}}],"collection":[{"href":"https:\/\/idea.org.pl\/index.php?rest_route=\/wp\/v2\/pages"}],"about":[{"href":"https:\/\/idea.org.pl\/index.php?rest_route=\/wp\/v2\/types\/page"}],"author":[{"embeddable":true,"href":"https:\/\/idea.org.pl\/index.php?rest_route=\/wp\/v2\/users\/1"}],"replies":[{"embeddable":true,"href":"https:\/\/idea.org.pl\/index.php?rest_route=%2Fwp%2Fv2%2Fcomments&post=182"}],"version-history":[{"count":5,"href":"https:\/\/idea.org.pl\/index.php?rest_route=\/wp\/v2\/pages\/182\/revisions"}],"predecessor-version":[{"id":280,"href":"https:\/\/idea.org.pl\/index.php?rest_route=\/wp\/v2\/pages\/182\/revisions\/280"}],"wp:attachment":[{"href":"https:\/\/idea.org.pl\/index.php?rest_route=%2Fwp%2Fv2%2Fmedia&parent=182"}],"curies":[{"name":"wp","href":"https:\/\/api.w.org\/{rel}","templated":true}]}}