{"id":15,"date":"2023-07-03T20:05:42","date_gmt":"2023-07-03T18:05:42","guid":{"rendered":"http:\/\/idea.org.pl\/?page_id=15"},"modified":"2025-04-28T10:40:14","modified_gmt":"2025-04-28T08:40:14","slug":"korzysci","status":"publish","type":"page","link":"https:\/\/idea.org.pl\/?page_id=15","title":{"rendered":"KORZY\u015aCI"},"content":{"rendered":"\n<p><\/p>\n\n\n\n<p>&#8211; Prawda.<\/p>\n\n\n\n<p>&#8211; Darmowa pomoc prawna.<\/p>\n\n\n\n<p>&#8211; Poznanie ludzi kt\u00f3rzy s\u0105 w stanie pom\u00f3c Ci w realizacji Twoich cel\u00f3w bardziej ni\u017c ktokolwiek inny.<\/p>\n\n\n\n<p>&#8211; Osoby chc\u0105ce i maj\u0105ce predyspozycje by zosta\u0107 liderami grup b\u0119d\u0105 kandydowa\u0142y we wszystkich wyborach krajowych na r\u00f3\u017cne stanowiska<\/p>\n","protected":false},"excerpt":{"rendered":"<p>&#8211; Prawda. &#8211; Darmowa pomoc prawna. &#8211; Poznanie ludzi kt\u00f3rzy s\u0105 w stanie pom\u00f3c Ci w realizacji Twoich cel\u00f3w bardziej ni\u017c ktokolwiek inny. &#8211; Osoby [&hellip;]<\/p>\n","protected":false},"author":1,"featured_media":0,"parent":0,"menu_order":0,"comment_status":"closed","ping_status":"closed","template":"","meta":{"footnotes":""},"class_list":["post-15","page","type-page","status-publish","hentry"],"_links":{"self":[{"href":"https:\/\/idea.org.pl\/index.php?rest_route=\/wp\/v2\/pages\/15","targetHints":{"allow":["GET"]}}],"collection":[{"href":"https:\/\/idea.org.pl\/index.php?rest_route=\/wp\/v2\/pages"}],"about":[{"href":"https:\/\/idea.org.pl\/index.php?rest_route=\/wp\/v2\/types\/page"}],"author":[{"embeddable":true,"href":"https:\/\/idea.org.pl\/index.php?rest_route=\/wp\/v2\/users\/1"}],"replies":[{"embeddable":true,"href":"https:\/\/idea.org.pl\/index.php?rest_route=%2Fwp%2Fv2%2Fcomments&post=15"}],"version-history":[{"count":5,"href":"https:\/\/idea.org.pl\/index.php?rest_route=\/wp\/v2\/pages\/15\/revisions"}],"predecessor-version":[{"id":277,"href":"https:\/\/idea.org.pl\/index.php?rest_route=\/wp\/v2\/pages\/15\/revisions\/277"}],"wp:attachment":[{"href":"https:\/\/idea.org.pl\/index.php?rest_route=%2Fwp%2Fv2%2Fmedia&parent=15"}],"curies":[{"name":"wp","href":"https:\/\/api.w.org\/{rel}","templated":true}]}}