{"id":11,"date":"2023-07-03T20:00:18","date_gmt":"2023-07-03T18:00:18","guid":{"rendered":"http:\/\/idea.org.pl\/?page_id=11"},"modified":"2025-05-20T20:41:10","modified_gmt":"2025-05-20T18:41:10","slug":"regulamin","status":"publish","type":"page","link":"https:\/\/idea.org.pl\/?page_id=11","title":{"rendered":"REGULAMIN"},"content":{"rendered":"\n<p>Dzie\u0144 dobry<\/p>\n\n\n\n<ol class=\"wp-block-list\">\n<li>G\u0142\u00f3wnym celem Naszej strony jest umo\u017cliwienie nawi\u0105zywania kontakt\u00f3w nie tylko pomi\u0119dzy kierowcami a pasa\u017cerami udaj\u0105cymi si\u0119 w tym samym kierunku ale tak\u017ce w celu wymiany uprzednio sprawdzonych i prawdziwych informacji kt\u00f3re mog\u0105 znacznie obni\u017cy\u0107 koszty os\u00f3b zarejestrowanych na Naszej platformie a zarazem popieraj\u0105cych nasz \u015bwiatopogl\u0105d. <\/li>\n\n\n\n<li>Ka\u017cda zarejestrowana u Nas osoba ma prawo do bycia Liderem (koordynatorem) w swojej miejscowo\u015bci lub wojew\u00f3dztwie w celu budowania od podstaw struktur na gruncie politycznym.<\/li>\n\n\n\n<li>Osoby kt\u00f3re zechc\u0105 si\u0119 zaanga\u017cowa\u0107 i po\u015bwi\u0119ca sw\u00f3j cenny czas na rozw\u00f3j Naszego przysz\u0142ego ruchu dostan\u0105 du\u017ce wsparcie od swoich prze\u0142o\u017conych a zarazem zostan\u0105 w spos\u00f3b szczeg\u00f3lny docenione za swoje oddanie..!<\/li>\n\n\n\n<li>Spo\u0142eczno\u015b\u0107 chc\u0105ca si\u0119 zarejestrowa\u0107 na Naszej platformie akceptuje zasady bardzo wysokiej kultury osobistej, nie obra\u017ca innych u\u017cytkownik\u00f3w na czatach platformy! Nie u\u017cywa wulgaryzm\u00f3w! Za z\u0142amanie powy\u017cszych zasad b\u0119d\u0105 wyci\u0105gni\u0119te konsekwencje w zale\u017cno\u015bci od stopnia przewinienia.: &#8211; Ostrze\u017cenie i blokada konta na 2 tyg. &#8211; Ostrze\u017cenie i blokada konta na 3 mies. &#8211; Ostrze\u017cenie i blokada konta na sta\u0142e bez mo\u017cliwo\u015bci powrotu nawet gdy b\u0119dzie to osoba zas\u0142u\u017cona na pozycji lidera!<\/li>\n<\/ol>\n","protected":false},"excerpt":{"rendered":"<p>Dzie\u0144 dobry<\/p>\n","protected":false},"author":1,"featured_media":0,"parent":0,"menu_order":0,"comment_status":"closed","ping_status":"closed","template":"","meta":{"footnotes":""},"class_list":["post-11","page","type-page","status-publish","hentry"],"_links":{"self":[{"href":"https:\/\/idea.org.pl\/index.php?rest_route=\/wp\/v2\/pages\/11","targetHints":{"allow":["GET"]}}],"collection":[{"href":"https:\/\/idea.org.pl\/index.php?rest_route=\/wp\/v2\/pages"}],"about":[{"href":"https:\/\/idea.org.pl\/index.php?rest_route=\/wp\/v2\/types\/page"}],"author":[{"embeddable":true,"href":"https:\/\/idea.org.pl\/index.php?rest_route=\/wp\/v2\/users\/1"}],"replies":[{"embeddable":true,"href":"https:\/\/idea.org.pl\/index.php?rest_route=%2Fwp%2Fv2%2Fcomments&post=11"}],"version-history":[{"count":5,"href":"https:\/\/idea.org.pl\/index.php?rest_route=\/wp\/v2\/pages\/11\/revisions"}],"predecessor-version":[{"id":330,"href":"https:\/\/idea.org.pl\/index.php?rest_route=\/wp\/v2\/pages\/11\/revisions\/330"}],"wp:attachment":[{"href":"https:\/\/idea.org.pl\/index.php?rest_route=%2Fwp%2Fv2%2Fmedia&parent=11"}],"curies":[{"name":"wp","href":"https:\/\/api.w.org\/{rel}","templated":true}]}}